{"id":4072,"date":"2019-10-08T16:14:06","date_gmt":"2019-10-08T14:14:06","guid":{"rendered":"https:\/\/www.koest.ch\/mentions-legales\/"},"modified":"2025-05-22T15:56:36","modified_gmt":"2025-05-22T13:56:36","slug":"mentions-legales","status":"publish","type":"page","link":"https:\/\/www.koest.ch\/fr\/mentions-legales\/","title":{"rendered":"Mentions l\u00e9gales"},"content":{"rendered":"<div id=\"cc-m-10930523993\" class=\"j-module n j-header \">\n<h1 id=\"cc-m-header-10930523993\" class=\"\">Mentions l\u00e9gales<\/h1>\n<\/div>\n<div id=\"cc-m-10930524293\" class=\"j-module n j-text \"> K\u00f6hler, St\u00fcdeli &amp; Partenaires S\u00e0rl Amthausgasse 18 3011 Berne Photos : <a href=\"http:\/\/opladen.ch\/\" target=\"_blank\" rel=\"noopener noreferrer\">Simon B. Opladen<\/a> \u2013 Berne Susanne Keller \u2013 Berne R\u00e9alisation du site web : <a href=\"https:\/\/www.kyramarios.com\" target=\"_blank\" rel=\"noopener noreferrer\">Kyramarios GmbH<\/a> \u2013 Berne <\/div>\n","protected":false},"excerpt":{"rendered":"<p>Mentions l\u00e9gales K\u00f6hler, St\u00fcdeli &amp; Partenaires S\u00e0rl Amthausgasse 18 3011 Berne Photos : Simon B. Opladen \u2013 Berne Susanne Keller \u2013 Berne R\u00e9alisation du site [&hellip;]<\/p>\n","protected":false},"author":1,"featured_media":3448,"parent":0,"menu_order":0,"comment_status":"closed","ping_status":"closed","template":"","meta":{"_acf_changed":false,"site-sidebar-layout":"default","site-content-layout":"default","ast-site-content-layout":"default","site-content-style":"default","site-sidebar-style":"default","ast-global-header-display":"","ast-banner-title-visibility":"","ast-main-header-display":"","ast-hfb-above-header-display":"","ast-hfb-below-header-display":"","ast-hfb-mobile-header-display":"","site-post-title":"","ast-breadcrumbs-content":"","ast-featured-img":"","footer-sml-layout":"","ast-disable-related-posts":"","theme-transparent-header-meta":"default","adv-header-id-meta":"","stick-header-meta":"","header-above-stick-meta":"","header-main-stick-meta":"","header-below-stick-meta":"","astra-migrate-meta-layouts":"default","ast-page-background-enabled":"default","ast-page-background-meta":{"desktop":{"background-color":"","background-image":"","background-repeat":"repeat","background-position":"center center","background-size":"auto","background-attachment":"scroll","background-type":"","background-media":"","overlay-type":"","overlay-color":"","overlay-opacity":"","overlay-gradient":""},"tablet":{"background-color":"","background-image":"","background-repeat":"repeat","background-position":"center center","background-size":"auto","background-attachment":"scroll","background-type":"","background-media":"","overlay-type":"","overlay-color":"","overlay-opacity":"","overlay-gradient":""},"mobile":{"background-color":"","background-image":"","background-repeat":"repeat","background-position":"center center","background-size":"auto","background-attachment":"scroll","background-type":"","background-media":"","overlay-type":"","overlay-color":"","overlay-opacity":"","overlay-gradient":""}},"ast-content-background-meta":{"desktop":{"background-color":"var(--ast-global-color-5)","background-image":"","background-repeat":"repeat","background-position":"center center","background-size":"auto","background-attachment":"scroll","background-type":"","background-media":"","overlay-type":"","overlay-color":"","overlay-opacity":"","overlay-gradient":""},"tablet":{"background-color":"var(--ast-global-color-5)","background-image":"","background-repeat":"repeat","background-position":"center center","background-size":"auto","background-attachment":"scroll","background-type":"","background-media":"","overlay-type":"","overlay-color":"","overlay-opacity":"","overlay-gradient":""},"mobile":{"background-color":"var(--ast-global-color-5)","background-image":"","background-repeat":"repeat","background-position":"center center","background-size":"auto","background-attachment":"scroll","background-type":"","background-media":"","overlay-type":"","overlay-color":"","overlay-opacity":"","overlay-gradient":""}},"footnotes":""},"categories":[],"tags":[],"class_list":["post-4072","page","type-page","status-publish","has-post-thumbnail","hentry"],"acf":[],"yoast_head":"<!-- This site is optimized with the Yoast SEO plugin v27.4 - https:\/\/yoast.com\/product\/yoast-seo-wordpress\/ -->\n<title>Mentions l\u00e9gales | K\u00f6hler, St\u00fcdeli &amp; Partner GmbH<\/title>\n<meta name=\"robots\" content=\"noindex, nofollow\" \/>\n<meta property=\"og:locale\" content=\"fr_FR\" \/>\n<meta property=\"og:type\" content=\"article\" \/>\n<meta property=\"og:title\" content=\"Mentions l\u00e9gales | K\u00f6hler, St\u00fcdeli &amp; Partner GmbH\" \/>\n<meta property=\"og:description\" content=\"Mentions l\u00e9gales K\u00f6hler, St\u00fcdeli &amp; Partenaires S\u00e0rl Amthausgasse 18 3011 Berne Photos : Simon B. Opladen \u2013 Berne Susanne Keller \u2013 Berne R\u00e9alisation du site [&hellip;]\" \/>\n<meta property=\"og:url\" content=\"https:\/\/www.koest.ch\/fr\/mentions-legales\/\" \/>\n<meta property=\"og:site_name\" content=\"K\u00f6hler, St\u00fcdeli &amp; Partner GmbH\" \/>\n<meta property=\"article:publisher\" content=\"https:\/\/www.facebook.com\/koehlerstuedeli\/\" \/>\n<meta property=\"article:modified_time\" content=\"2025-05-22T13:56:36+00:00\" \/>\n<meta property=\"og:image\" content=\"https:\/\/www.koest.ch\/wp-content\/uploads\/2019\/12\/header_bundesplatz_schuhe.jpg\" \/>\n\t<meta property=\"og:image:width\" content=\"2100\" \/>\n\t<meta property=\"og:image:height\" content=\"1400\" \/>\n\t<meta property=\"og:image:type\" content=\"image\/jpeg\" \/>\n<script type=\"application\/ld+json\" class=\"yoast-schema-graph\">{\"@context\":\"https:\\\/\\\/schema.org\",\"@graph\":[{\"@type\":\"WebPage\",\"@id\":\"https:\\\/\\\/www.koest.ch\\\/fr\\\/mentions-legales\\\/\",\"url\":\"https:\\\/\\\/www.koest.ch\\\/fr\\\/mentions-legales\\\/\",\"name\":\"Mentions l\u00e9gales | K\u00f6hler, St\u00fcdeli &amp; Partner GmbH\",\"isPartOf\":{\"@id\":\"https:\\\/\\\/www.koest.ch\\\/fr\\\/#website\"},\"primaryImageOfPage\":{\"@id\":\"https:\\\/\\\/www.koest.ch\\\/fr\\\/mentions-legales\\\/#primaryimage\"},\"image\":{\"@id\":\"https:\\\/\\\/www.koest.ch\\\/fr\\\/mentions-legales\\\/#primaryimage\"},\"thumbnailUrl\":\"https:\\\/\\\/www.koest.ch\\\/wp-content\\\/uploads\\\/2019\\\/12\\\/header_bundesplatz_schuhe.jpg\",\"datePublished\":\"2019-10-08T14:14:06+00:00\",\"dateModified\":\"2025-05-22T13:56:36+00:00\",\"breadcrumb\":{\"@id\":\"https:\\\/\\\/www.koest.ch\\\/fr\\\/mentions-legales\\\/#breadcrumb\"},\"inLanguage\":\"fr-FR\",\"potentialAction\":[{\"@type\":\"ReadAction\",\"target\":[\"https:\\\/\\\/www.koest.ch\\\/fr\\\/mentions-legales\\\/\"]}]},{\"@type\":\"ImageObject\",\"inLanguage\":\"fr-FR\",\"@id\":\"https:\\\/\\\/www.koest.ch\\\/fr\\\/mentions-legales\\\/#primaryimage\",\"url\":\"https:\\\/\\\/www.koest.ch\\\/wp-content\\\/uploads\\\/2019\\\/12\\\/header_bundesplatz_schuhe.jpg\",\"contentUrl\":\"https:\\\/\\\/www.koest.ch\\\/wp-content\\\/uploads\\\/2019\\\/12\\\/header_bundesplatz_schuhe.jpg\",\"width\":2100,\"height\":1400},{\"@type\":\"BreadcrumbList\",\"@id\":\"https:\\\/\\\/www.koest.ch\\\/fr\\\/mentions-legales\\\/#breadcrumb\",\"itemListElement\":[{\"@type\":\"ListItem\",\"position\":1,\"name\":\"Startseite\",\"item\":\"https:\\\/\\\/www.koest.ch\\\/fr\\\/koehler-stuedeli-partner-gmbh\\\/\"},{\"@type\":\"ListItem\",\"position\":2,\"name\":\"Mentions l\u00e9gales\"}]},{\"@type\":\"WebSite\",\"@id\":\"https:\\\/\\\/www.koest.ch\\\/fr\\\/#website\",\"url\":\"https:\\\/\\\/www.koest.ch\\\/fr\\\/\",\"name\":\"K\u00f6hler, St\u00fcdeli & Partner GmbH\",\"description\":\"Politikberatung, Verbands- und Kommunikationsmanagement, Kampagnen\",\"publisher\":{\"@id\":\"https:\\\/\\\/www.koest.ch\\\/fr\\\/#organization\"},\"alternateName\":\"koest.ch\",\"potentialAction\":[{\"@type\":\"SearchAction\",\"target\":{\"@type\":\"EntryPoint\",\"urlTemplate\":\"https:\\\/\\\/www.koest.ch\\\/fr\\\/?s={search_term_string}\"},\"query-input\":{\"@type\":\"PropertyValueSpecification\",\"valueRequired\":true,\"valueName\":\"search_term_string\"}}],\"inLanguage\":\"fr-FR\"},{\"@type\":\"Organization\",\"@id\":\"https:\\\/\\\/www.koest.ch\\\/fr\\\/#organization\",\"name\":\"K\u00f6hler, St\u00fcdeli & Partner GmbH\",\"alternateName\":\"koest.ch\",\"url\":\"https:\\\/\\\/www.koest.ch\\\/fr\\\/\",\"logo\":{\"@type\":\"ImageObject\",\"inLanguage\":\"fr-FR\",\"@id\":\"https:\\\/\\\/www.koest.ch\\\/fr\\\/#\\\/schema\\\/logo\\\/image\\\/\",\"url\":\"https:\\\/\\\/www.koest.ch\\\/wp-content\\\/uploads\\\/2020\\\/01\\\/logo_koehler_stuedeli_partner_gmbh.png\",\"contentUrl\":\"https:\\\/\\\/www.koest.ch\\\/wp-content\\\/uploads\\\/2020\\\/01\\\/logo_koehler_stuedeli_partner_gmbh.png\",\"width\":453,\"height\":220,\"caption\":\"K\u00f6hler, St\u00fcdeli & Partner GmbH\"},\"image\":{\"@id\":\"https:\\\/\\\/www.koest.ch\\\/fr\\\/#\\\/schema\\\/logo\\\/image\\\/\"},\"sameAs\":[\"https:\\\/\\\/www.facebook.com\\\/koehlerstuedeli\\\/\",\"https:\\\/\\\/x.com\\\/walter_stuedeli\",\"https:\\\/\\\/ch.linkedin.com\\\/in\\\/walterstuedeli\"]}]}<\/script>\n<!-- \/ Yoast SEO plugin. -->","yoast_head_json":{"title":"Mentions l\u00e9gales | K\u00f6hler, St\u00fcdeli &amp; Partner GmbH","robots":{"index":"noindex","follow":"nofollow"},"og_locale":"fr_FR","og_type":"article","og_title":"Mentions l\u00e9gales | K\u00f6hler, St\u00fcdeli &amp; Partner GmbH","og_description":"Mentions l\u00e9gales K\u00f6hler, St\u00fcdeli &amp; Partenaires S\u00e0rl Amthausgasse 18 3011 Berne Photos : Simon B. Opladen \u2013 Berne Susanne Keller \u2013 Berne R\u00e9alisation du site [&hellip;]","og_url":"https:\/\/www.koest.ch\/fr\/mentions-legales\/","og_site_name":"K\u00f6hler, St\u00fcdeli &amp; Partner GmbH","article_publisher":"https:\/\/www.facebook.com\/koehlerstuedeli\/","article_modified_time":"2025-05-22T13:56:36+00:00","og_image":[{"width":2100,"height":1400,"url":"https:\/\/www.koest.ch\/wp-content\/uploads\/2019\/12\/header_bundesplatz_schuhe.jpg","type":"image\/jpeg"}],"schema":{"@context":"https:\/\/schema.org","@graph":[{"@type":"WebPage","@id":"https:\/\/www.koest.ch\/fr\/mentions-legales\/","url":"https:\/\/www.koest.ch\/fr\/mentions-legales\/","name":"Mentions l\u00e9gales | K\u00f6hler, St\u00fcdeli &amp; Partner GmbH","isPartOf":{"@id":"https:\/\/www.koest.ch\/fr\/#website"},"primaryImageOfPage":{"@id":"https:\/\/www.koest.ch\/fr\/mentions-legales\/#primaryimage"},"image":{"@id":"https:\/\/www.koest.ch\/fr\/mentions-legales\/#primaryimage"},"thumbnailUrl":"https:\/\/www.koest.ch\/wp-content\/uploads\/2019\/12\/header_bundesplatz_schuhe.jpg","datePublished":"2019-10-08T14:14:06+00:00","dateModified":"2025-05-22T13:56:36+00:00","breadcrumb":{"@id":"https:\/\/www.koest.ch\/fr\/mentions-legales\/#breadcrumb"},"inLanguage":"fr-FR","potentialAction":[{"@type":"ReadAction","target":["https:\/\/www.koest.ch\/fr\/mentions-legales\/"]}]},{"@type":"ImageObject","inLanguage":"fr-FR","@id":"https:\/\/www.koest.ch\/fr\/mentions-legales\/#primaryimage","url":"https:\/\/www.koest.ch\/wp-content\/uploads\/2019\/12\/header_bundesplatz_schuhe.jpg","contentUrl":"https:\/\/www.koest.ch\/wp-content\/uploads\/2019\/12\/header_bundesplatz_schuhe.jpg","width":2100,"height":1400},{"@type":"BreadcrumbList","@id":"https:\/\/www.koest.ch\/fr\/mentions-legales\/#breadcrumb","itemListElement":[{"@type":"ListItem","position":1,"name":"Startseite","item":"https:\/\/www.koest.ch\/fr\/koehler-stuedeli-partner-gmbh\/"},{"@type":"ListItem","position":2,"name":"Mentions l\u00e9gales"}]},{"@type":"WebSite","@id":"https:\/\/www.koest.ch\/fr\/#website","url":"https:\/\/www.koest.ch\/fr\/","name":"K\u00f6hler, St\u00fcdeli & Partner GmbH","description":"Politikberatung, Verbands- und Kommunikationsmanagement, Kampagnen","publisher":{"@id":"https:\/\/www.koest.ch\/fr\/#organization"},"alternateName":"koest.ch","potentialAction":[{"@type":"SearchAction","target":{"@type":"EntryPoint","urlTemplate":"https:\/\/www.koest.ch\/fr\/?s={search_term_string}"},"query-input":{"@type":"PropertyValueSpecification","valueRequired":true,"valueName":"search_term_string"}}],"inLanguage":"fr-FR"},{"@type":"Organization","@id":"https:\/\/www.koest.ch\/fr\/#organization","name":"K\u00f6hler, St\u00fcdeli & Partner GmbH","alternateName":"koest.ch","url":"https:\/\/www.koest.ch\/fr\/","logo":{"@type":"ImageObject","inLanguage":"fr-FR","@id":"https:\/\/www.koest.ch\/fr\/#\/schema\/logo\/image\/","url":"https:\/\/www.koest.ch\/wp-content\/uploads\/2020\/01\/logo_koehler_stuedeli_partner_gmbh.png","contentUrl":"https:\/\/www.koest.ch\/wp-content\/uploads\/2020\/01\/logo_koehler_stuedeli_partner_gmbh.png","width":453,"height":220,"caption":"K\u00f6hler, St\u00fcdeli & Partner GmbH"},"image":{"@id":"https:\/\/www.koest.ch\/fr\/#\/schema\/logo\/image\/"},"sameAs":["https:\/\/www.facebook.com\/koehlerstuedeli\/","https:\/\/x.com\/walter_stuedeli","https:\/\/ch.linkedin.com\/in\/walterstuedeli"]}]}},"_links":{"self":[{"href":"https:\/\/www.koest.ch\/fr\/wp-json\/wp\/v2\/pages\/4072","targetHints":{"allow":["GET"]}}],"collection":[{"href":"https:\/\/www.koest.ch\/fr\/wp-json\/wp\/v2\/pages"}],"about":[{"href":"https:\/\/www.koest.ch\/fr\/wp-json\/wp\/v2\/types\/page"}],"author":[{"embeddable":true,"href":"https:\/\/www.koest.ch\/fr\/wp-json\/wp\/v2\/users\/1"}],"replies":[{"embeddable":true,"href":"https:\/\/www.koest.ch\/fr\/wp-json\/wp\/v2\/comments?post=4072"}],"version-history":[{"count":0,"href":"https:\/\/www.koest.ch\/fr\/wp-json\/wp\/v2\/pages\/4072\/revisions"}],"wp:featuredmedia":[{"embeddable":true,"href":"https:\/\/www.koest.ch\/fr\/wp-json\/wp\/v2\/media\/3448"}],"wp:attachment":[{"href":"https:\/\/www.koest.ch\/fr\/wp-json\/wp\/v2\/media?parent=4072"}],"wp:term":[{"taxonomy":"category","embeddable":true,"href":"https:\/\/www.koest.ch\/fr\/wp-json\/wp\/v2\/categories?post=4072"},{"taxonomy":"post_tag","embeddable":true,"href":"https:\/\/www.koest.ch\/fr\/wp-json\/wp\/v2\/tags?post=4072"}],"curies":[{"name":"wp","href":"https:\/\/api.w.org\/{rel}","templated":true}]}}